{"id":24,"date":"2016-10-14T05:18:31","date_gmt":"2016-10-14T05:18:31","guid":{"rendered":"http:\/\/tecowestinghouse.com.co\/?page_id=24"},"modified":"2016-11-22T21:37:50","modified_gmt":"2016-11-22T21:37:50","slug":"vision","status":"publish","type":"page","link":"https:\/\/tecowestinghouse.com.co\/?page_id=24","title":{"rendered":"Visi\u00f3n"},"content":{"rendered":"<p style=\"text-align: justify;\">TECO-Westinghouse Motor Company, S.A. de C.V, est\u00e1 comprometido a contribuir de manera importante para una Latinoam\u00e9rica m\u00e1s verde, suministrando las mejores soluciones en el ahorro de la energ\u00eda a todas las industrias.<\/p>\n<p style=\"text-align: justify;\">TECO-Westinghouse est\u00e1 comprometido a servir las necesidades de nuestros clientes mejor que nadie, proporcionando productos y servicios.<\/p>\n","protected":false},"excerpt":{"rendered":"<p>TECO-Westinghouse Motor Company, S.A. de C.V, est\u00e1 comprometido a contribuir de manera importante para una Latinoam\u00e9rica m\u00e1s verde, suministrando las mejores soluciones en el ahorro de la energ\u00eda a todas las industrias. TECO-Westinghouse est\u00e1 comprometido a servir las necesidades de nuestros clientes mejor que nadie, proporcionando productos y servicios.<\/p>\n","protected":false},"author":1,"featured_media":0,"parent":0,"menu_order":0,"comment_status":"closed","ping_status":"closed","template":"","meta":{"footnotes":""},"class_list":["post-24","page","type-page","status-publish","hentry"],"_links":{"self":[{"href":"https:\/\/tecowestinghouse.com.co\/index.php?rest_route=\/wp\/v2\/pages\/24","targetHints":{"allow":["GET"]}}],"collection":[{"href":"https:\/\/tecowestinghouse.com.co\/index.php?rest_route=\/wp\/v2\/pages"}],"about":[{"href":"https:\/\/tecowestinghouse.com.co\/index.php?rest_route=\/wp\/v2\/types\/page"}],"author":[{"embeddable":true,"href":"https:\/\/tecowestinghouse.com.co\/index.php?rest_route=\/wp\/v2\/users\/1"}],"replies":[{"embeddable":true,"href":"https:\/\/tecowestinghouse.com.co\/index.php?rest_route=%2Fwp%2Fv2%2Fcomments&post=24"}],"version-history":[{"count":4,"href":"https:\/\/tecowestinghouse.com.co\/index.php?rest_route=\/wp\/v2\/pages\/24\/revisions"}],"predecessor-version":[{"id":3971,"href":"https:\/\/tecowestinghouse.com.co\/index.php?rest_route=\/wp\/v2\/pages\/24\/revisions\/3971"}],"wp:attachment":[{"href":"https:\/\/tecowestinghouse.com.co\/index.php?rest_route=%2Fwp%2Fv2%2Fmedia&parent=24"}],"curies":[{"name":"wp","href":"https:\/\/api.w.org\/{rel}","templated":true}]}}