{"id":26,"date":"2016-10-14T05:18:48","date_gmt":"2016-10-14T05:18:48","guid":{"rendered":"http:\/\/tecowestinghouse.com.co\/?page_id=26"},"modified":"2017-05-05T23:57:54","modified_gmt":"2017-05-05T23:57:54","slug":"motores-bt","status":"publish","type":"page","link":"https:\/\/tecowestinghouse.com.co\/?page_id=26","title":{"rendered":"Motores Baja Tensi\u00f3n (BT)"},"content":{"rendered":"<table style=\"height: 1859px;\" width=\"811\">\n<tbody>\n<tr style=\"height: 264px;\">\n<td style=\"width: 397.5px; height: 264px;\"><img fetchpriority=\"high\" decoding=\"async\" class=\"wp-image-3935 aligncenter\" src=\"http:\/\/tecowestinghouse.com.co\/wp-content\/uploads\/2016\/11\/MOTOR-MONOFASICO-TEFC-1-300x231.jpg\" alt=\"motor-monofasico-tefc\" width=\"277\" height=\"213\" srcset=\"https:\/\/tecowestinghouse.com.co\/wp-content\/uploads\/2016\/11\/MOTOR-MONOFASICO-TEFC-1-300x231.jpg 300w, https:\/\/tecowestinghouse.com.co\/wp-content\/uploads\/2016\/11\/MOTOR-MONOFASICO-TEFC-1-768x591.jpg 768w, https:\/\/tecowestinghouse.com.co\/wp-content\/uploads\/2016\/11\/MOTOR-MONOFASICO-TEFC-1-624x480.jpg 624w, https:\/\/tecowestinghouse.com.co\/wp-content\/uploads\/2016\/11\/MOTOR-MONOFASICO-TEFC-1.jpg 800w\" sizes=\"(max-width: 277px) 100vw, 277px\" \/><\/td>\n<td style=\"width: 397.5px; height: 264px;\">MOTORES MONOFASICOS &#8211;\u00a0 TEFC\u00a0 (IP44)<\/p>\n<ul>\n<li>1\/3 HP a 10 HP<\/li>\n<li>1800 RPM.<\/li>\n<li>115\/230V hasta 2 HP, 3HP y mayores solamente en 230V.<\/li>\n<li>Servicio continuo, factor de servicio 1.15<\/li>\n<li>Protecci\u00f3n de sobrecarga con restablecimiento manual.<\/li>\n<li>Torque extra para aplicaciones de trabajo pesado.<\/li>\n<\/ul>\n<\/td>\n<\/tr>\n<tr style=\"height: 304px;\">\n<td style=\"width: 397.5px; height: 304px;\"><img decoding=\"async\" class=\"wp-image-3936 aligncenter\" src=\"http:\/\/tecowestinghouse.com.co\/wp-content\/uploads\/2016\/11\/ROLADA_ODP-1.jpg\" alt=\"rolada_odp\" width=\"280\" height=\"209\" \/><\/td>\n<td style=\"width: 397.5px; height: 304px;\">MOTORES DE CARCASA ROLADA ODP<\/p>\n<ul>\n<li>1\/2 HP a 40 HP<\/li>\n<li>230\/460V aplicables tambi\u00e9n en 200V y 208V<\/li>\n<li>HPETM \u2013 Resistente a picos de sobretensi\u00f3n (invertir Duty).<\/li>\n<li>Servicio Continuo, factor de servicio 1.15.<\/li>\n<li>Sentido de giro bidireccional.<\/li>\n<li>Caja de conexiones intercambiable de F1 a F2.<\/li>\n<\/ul>\n<p>Sobredimensionada, rotable en incrementos de 90 grados.<\/td>\n<\/tr>\n<tr style=\"height: 288px;\">\n<td style=\"width: 397.5px; height: 288px;\"><img decoding=\"async\" class=\"wp-image-3940 aligncenter\" src=\"http:\/\/tecowestinghouse.com.co\/wp-content\/uploads\/2016\/11\/HIERRO_FUNDIDO.jpg\" alt=\"hierro_fundido\" width=\"293\" height=\"219\" \/><\/td>\n<td style=\"width: 397.5px; height: 288px;\">MOTORES DE HIERRO FUNDIDO (ODP)<\/p>\n<ul>\n<li>1 HP a 500 HP<\/li>\n<li>230\/460V Hasta 125 HP, 460V Para 150 HP y mas grandes<\/li>\n<li>Arranque a tensi\u00f3n plena y estrella delta.<\/li>\n<li>Servicio continuo, factor de servicio 1.15.<\/li>\n<li>HPETM \u2013 Aislamiento resistente a picos de sobretensi\u00f3n, y transitorios causados por inversores de frecuencia.<\/li>\n<li>Reconocido por UL, y aprobado por CSA.<\/li>\n<\/ul>\n<\/td>\n<\/tr>\n<tr style=\"height: 384px;\">\n<td style=\"width: 397.5px; height: 384px;\"><img loading=\"lazy\" decoding=\"async\" class=\"wp-image-3937 aligncenter\" src=\"http:\/\/tecowestinghouse.com.co\/wp-content\/uploads\/2016\/11\/nema_premium_max.jpg\" alt=\"nema_premium_max\" width=\"258\" height=\"191\" \/><\/td>\n<td style=\"width: 397.5px; height: 384px;\">MOTORES NEMA PREMIUM MAX-E1<\/p>\n<ul>\n<li>\u00be HP a 800 HP<\/li>\n<li>Eficiencia NEMA Premium.<\/li>\n<li>HPETM \u2013 Resistente a picos de sobretensi\u00f3n, (Inverter Duty).<\/li>\n<li>Aprobado para uso con inversores NEMA MG-1, parte 31.<\/li>\n<li>Rotor Balanceado din\u00e1micamente y barras de aluminio inyectado a presi\u00f3n.<\/li>\n<li>Base de pintura anticorrosiva, acabado en poliuretano.<\/li>\n<li>Certificado CSA para clase I, Divisi\u00f3n II, Grupos B, C Y D.<\/li>\n<li>Encerramiento TEFC (IP54).<\/li>\n<\/ul>\n<\/td>\n<\/tr>\n<tr style=\"height: 264px;\">\n<td style=\"width: 397.5px; height: 264px;\"><img loading=\"lazy\" decoding=\"async\" class=\"wp-image-3937 aligncenter\" src=\"http:\/\/tecowestinghouse.com.co\/wp-content\/uploads\/2016\/11\/nema_premium_max.jpg\" alt=\"nema_premium_max\" width=\"262\" height=\"194\" \/><\/td>\n<td style=\"width: 397.5px; height: 264px;\">MOTORES NEMA PREMIUM MAX-PE<\/p>\n<ul>\n<li>1 HP a 100 HP<\/li>\n<li>Eficiencia NEMA Premium.<\/li>\n<li>Inverter Duty.<\/li>\n<li>Armaz\u00f3n y tapas de hierro fundido.<\/li>\n<li>Tapa del ventilador y caja de conexiones de acero rolado.<\/li>\n<li>Autocertificado de f\u00e1brica para \u00e1reas con clase 1, Divisi\u00f3n II, grupos B, C, D.<\/li>\n<\/ul>\n<\/td>\n<\/tr>\n<tr style=\"height: 240px;\">\n<td style=\"width: 397.5px; height: 240px;\"><img loading=\"lazy\" decoding=\"async\" class=\" wp-image-3939 aligncenter\" src=\"http:\/\/tecowestinghouse.com.co\/wp-content\/uploads\/2016\/11\/vertica_flecha_hueca.jpg\" alt=\"vertica_flecha_hueca\" width=\"224\" height=\"223\" srcset=\"https:\/\/tecowestinghouse.com.co\/wp-content\/uploads\/2016\/11\/vertica_flecha_hueca.jpg 170w, https:\/\/tecowestinghouse.com.co\/wp-content\/uploads\/2016\/11\/vertica_flecha_hueca-150x150.jpg 150w, https:\/\/tecowestinghouse.com.co\/wp-content\/uploads\/2016\/11\/vertica_flecha_hueca-100x100.jpg 100w\" sizes=\"(max-width: 224px) 100vw, 224px\" \/><\/td>\n<td style=\"width: 397.5px; height: 240px;\">MOTORES VERTICALES FLECHA HUECA<\/p>\n<ul>\n<li>7.5 HP a 400 HP<\/li>\n<li>En stock 4 polos, disponibles en 2 y 6 polos sobre pedido<\/li>\n<li>Eficiencia NEMA Premium.<\/li>\n<li>Enclaustramiento WPI.<\/li>\n<li>Alto empuje<\/li>\n<li>Con trinquete de no retroceso.<\/li>\n<\/ul>\n<\/td>\n<\/tr>\n<tr style=\"height: 216px;\">\n<td style=\"width: 397.5px; height: 216px;\">\u00a0<img loading=\"lazy\" decoding=\"async\" class=\"wp-image-4025 aligncenter\" src=\"http:\/\/tecowestinghouse.com.co\/wp-content\/uploads\/2016\/10\/FRENO_ELECTROMAGNETICO-300x210.jpg\" alt=\"freno_electromagnetico\" width=\"276\" height=\"193\" srcset=\"https:\/\/tecowestinghouse.com.co\/wp-content\/uploads\/2016\/10\/FRENO_ELECTROMAGNETICO-300x210.jpg 300w, https:\/\/tecowestinghouse.com.co\/wp-content\/uploads\/2016\/10\/FRENO_ELECTROMAGNETICO.jpg 331w\" sizes=\"(max-width: 276px) 100vw, 276px\" \/><\/td>\n<td style=\"width: 397.5px; height: 216px;\">MOTORES CON FRENO ELECTROMAGN\u00c9TICO<\/p>\n<ul>\n<li>1 HP a 75 HP con freno de C.A<\/li>\n<li>1 HP a 75 HP con freno de C.D<\/li>\n<li>Eficiencia NEMA Premium.<\/li>\n<li>Con desbloqueo manual<\/li>\n<li>Factor de servicio 1.15 del motor, factor de servicio del freno 1.4.<\/li>\n<\/ul>\n<\/td>\n<\/tr>\n<tr style=\"height: 216px;\">\n<td style=\"width: 397.5px; height: 216px;\">\u00a0<img loading=\"lazy\" decoding=\"async\" class=\"size-full wp-image-3959 aligncenter\" src=\"http:\/\/tecowestinghouse.com.co\/wp-content\/uploads\/2016\/10\/MOTORES-DE-PROPOSITO-DEFINIDO.jpg\" alt=\"motores-de-proposito-definido\" width=\"175\" height=\"140\" \/><\/td>\n<td style=\"width: 397.5px; height: 216px;\">MOTORES DE PROPOSITO DEFINIDO<\/p>\n<ul>\n<li>ODP con flecha JM para acoplamiento directo en bombas, 1 HP a 40 HP<\/li>\n<li>Motores lavables de acero inoxidable de \u00bd HP a 10 HP.<\/li>\n<li>Motores de Armaz\u00f3n m\u00e9trico de 0.75 KW a 315 KW.<\/li>\n<\/ul>\n<\/td>\n<\/tr>\n<tr style=\"height: 360px;\">\n<td style=\"width: 397.5px; height: 360px;\">\u00a0<img loading=\"lazy\" decoding=\"async\" class=\" wp-image-3944 aligncenter\" src=\"http:\/\/tecowestinghouse.com.co\/wp-content\/uploads\/2016\/10\/nema_premium_max_e2.jpg\" alt=\"nema_premium_max_e2\" width=\"190\" height=\"167\" \/><\/td>\n<td style=\"width: 397.5px; height: 360px;\">MOTORES NEMA PREMIUM MAX-E2\/841<\/p>\n<ul>\n<li>1 HP a 500 HP.<\/li>\n<li>Eficiencia NEMA Premium.<\/li>\n<li>Sellos INPRO<\/li>\n<li>HPETM \u2013 Resistente a picos de sobretensi\u00f3n, (Inverter Duty).<\/li>\n<li>Construcci\u00f3n en fundici\u00f3n de hierro gris y pintura epoxica.<\/li>\n<li>Balanceo din\u00e1mico de precisi\u00f3n sin exceder 0.08 IN.\/SEC Pico.<\/li>\n<li>Certificado CSA para clase I, divisi\u00f3n II, grupos B, C,D, con c\u00f3digo de temperatura T3C.<\/li>\n<li>Cumple con la norma IEEE\/841.<\/li>\n<\/ul>\n<\/td>\n<\/tr>\n<tr style=\"height: 384px;\">\n<td style=\"width: 397.5px; height: 384px;\">\u00a0<img loading=\"lazy\" decoding=\"async\" class=\" wp-image-3945 aligncenter\" src=\"http:\/\/tecowestinghouse.com.co\/wp-content\/uploads\/2016\/10\/alto_par_max_ht.jpg\" alt=\"alto_par_max_ht\" width=\"230\" height=\"184\" \/><\/td>\n<td style=\"width: 397.5px; height: 384px;\">MOTORES ALTO PAR MAX-HT<\/p>\n<ul>\n<li>200 HP a 600 HP.<\/li>\n<li>\u00datil para arranque a tensi\u00f3n plena o estrella delta.<\/li>\n<li>Dise\u00f1o NEMA C.<\/li>\n<li>Par m\u00e1ximo = 250% con referencia al par a plena carga.<\/li>\n<li>Protecci\u00f3n t\u00e9rmica ( Termistores, uno por fase)<\/li>\n<li>Construcci\u00f3n en fundici\u00f3n de hierro gris y pintura ep\u00f3xica.<\/li>\n<li>Encerramiento TEFC (IP 55).<\/li>\n<li>Eje en acero de alta resistencia, material ANSI 4140.<\/li>\n<li>\u00datil para montaje vertical en trituradoras de alto impacto.<\/li>\n<\/ul>\n<\/td>\n<\/tr>\n<tr style=\"height: 384px;\">\n<td style=\"width: 397.5px; height: 384px;\">\u00a0<img loading=\"lazy\" decoding=\"async\" class=\" wp-image-3995 aligncenter\" src=\"http:\/\/tecowestinghouse.com.co\/wp-content\/uploads\/2016\/10\/prueba_explosion.jpg\" alt=\"prueba_explosion\" width=\"238\" height=\"212\" \/><\/td>\n<td style=\"width: 397.5px; height: 384px;\">MOTORES A PRUEBA DE EXPLOSI\u00d3N<\/p>\n<ul>\n<li>1 HP a 150 HP.<\/li>\n<li>Listado por UL y CSA para clase I, Divisi\u00f3n I, Grupo D, y clase II, grupos E, F y G c\u00f3digo de temperatura T2D\/T3B.<\/li>\n<li>HPETM \u2013 Resistente a picos de sobretensi\u00f3n, (Inverter Duty).<\/li>\n<li>Sellos de bronce antichispa en ambos lados<\/li>\n<li>Caja de conexiones sobredimensionada de hierro vaciado.<\/li>\n<li>Dispositivo limitante de temperatura KLIXON.<\/li>\n<\/ul>\n<\/td>\n<\/tr>\n<\/tbody>\n<\/table>\n<p>&nbsp;<\/p>\n","protected":false},"excerpt":{"rendered":"<p>MOTORES MONOFASICOS &#8211;\u00a0 TEFC\u00a0 (IP44) 1\/3 HP a 10 HP 1800 RPM. 115\/230V hasta 2 HP, 3HP y mayores solamente en 230V. Servicio continuo, factor de servicio 1.15 Protecci\u00f3n de sobrecarga con restablecimiento manual. Torque extra para aplicaciones de trabajo pesado. MOTORES DE CARCASA ROLADA ODP 1\/2 HP a 40 HP 230\/460V aplicables tambi\u00e9n en [&hellip;]<\/p>\n","protected":false},"author":1,"featured_media":0,"parent":0,"menu_order":0,"comment_status":"closed","ping_status":"closed","template":"","meta":{"footnotes":""},"class_list":["post-26","page","type-page","status-publish","hentry"],"_links":{"self":[{"href":"https:\/\/tecowestinghouse.com.co\/index.php?rest_route=\/wp\/v2\/pages\/26","targetHints":{"allow":["GET"]}}],"collection":[{"href":"https:\/\/tecowestinghouse.com.co\/index.php?rest_route=\/wp\/v2\/pages"}],"about":[{"href":"https:\/\/tecowestinghouse.com.co\/index.php?rest_route=\/wp\/v2\/types\/page"}],"author":[{"embeddable":true,"href":"https:\/\/tecowestinghouse.com.co\/index.php?rest_route=\/wp\/v2\/users\/1"}],"replies":[{"embeddable":true,"href":"https:\/\/tecowestinghouse.com.co\/index.php?rest_route=%2Fwp%2Fv2%2Fcomments&post=26"}],"version-history":[{"count":14,"href":"https:\/\/tecowestinghouse.com.co\/index.php?rest_route=\/wp\/v2\/pages\/26\/revisions"}],"predecessor-version":[{"id":4074,"href":"https:\/\/tecowestinghouse.com.co\/index.php?rest_route=\/wp\/v2\/pages\/26\/revisions\/4074"}],"wp:attachment":[{"href":"https:\/\/tecowestinghouse.com.co\/index.php?rest_route=%2Fwp%2Fv2%2Fmedia&parent=26"}],"curies":[{"name":"wp","href":"https:\/\/api.w.org\/{rel}","templated":true}]}}