{"id":30,"date":"2016-10-14T05:19:22","date_gmt":"2016-10-14T05:19:22","guid":{"rendered":"http:\/\/tecowestinghouse.com.co\/?page_id=30"},"modified":"2016-11-23T22:44:02","modified_gmt":"2016-11-23T22:44:02","slug":"vfd","status":"publish","type":"page","link":"https:\/\/tecowestinghouse.com.co\/?page_id=30","title":{"rendered":"VARIADOR DE VELOCIDAD (VFD)"},"content":{"rendered":"<table style=\"height: 464px;\" width=\"836\">\n<tbody>\n<tr>\n<td style=\"width: 410px;\"><img decoding=\"async\" class=\"size-full wp-image-3999 aligncenter\" src=\"http:\/\/tecowestinghouse.com.co\/wp-content\/uploads\/2016\/10\/EV-Micro-drive.jpg\" alt=\"ev-micro-drive\" width=\"170\" height=\"227\" \/><\/td>\n<td style=\"width: 410px;\">EV-MICRO DRIVE<\/p>\n<ul>\n<li>\u00bc a 3 HP<\/li>\n<li>V\/Hz Control<\/li>\n<li>Control vectorial sin retroalimentaci\u00f3n<\/li>\n<li>Rango de frecuencia: 0-200Hz<\/li>\n<li>150% de sobre corriente por 60seg<\/li>\n<li>200% de sobre corriente instant\u00e1nea<\/li>\n<li>Protecci\u00f3n Electr\u00f3nica de sobrecarga<\/li>\n<\/ul>\n<\/td>\n<\/tr>\n<tr>\n<td style=\"width: 410px;\">\u00a0<img decoding=\"async\" class=\"size-full wp-image-4001 aligncenter\" src=\"http:\/\/tecowestinghouse.com.co\/wp-content\/uploads\/2016\/10\/n3.jpg\" alt=\"n3\" width=\"170\" height=\"173\" \/><\/td>\n<td style=\"width: 410px;\">N3<\/p>\n<ul>\n<li>\u00bd a 75 HP<\/li>\n<li>V\/Hz Control<\/li>\n<li>Control vectorial sin retroalimentaci\u00f3n<\/li>\n<li>Rango de frecuencia: 0-400Hz<\/li>\n<li>150% de sobre corriente por 60seg<\/li>\n<li>200% de sobre corriente instant\u00e1nea<\/li>\n<li>Protecci\u00f3n Electr\u00f3nica de sobrecarga<\/li>\n<\/ul>\n<\/td>\n<\/tr>\n<tr>\n<td style=\"width: 410px;\">\u00a0<img decoding=\"async\" class=\"size-full wp-image-4002 aligncenter\" src=\"http:\/\/tecowestinghouse.com.co\/wp-content\/uploads\/2016\/10\/ma7200.jpg\" alt=\"ma7200\" width=\"139\" height=\"227\" \/><\/td>\n<td style=\"width: 410px;\">MA7200<\/p>\n<p>&nbsp;<\/p>\n<ul>\n<li>1 a 100 HP<\/li>\n<li>V\/Hz Control<\/li>\n<li>Control vectorial sin retroalimentaci\u00f3n<\/li>\n<li>Rango de frecuencia: 0-400Hz<\/li>\n<li>150% de sobre corriente por 60seg<\/li>\n<li>200% de sobre corriente instant\u00e1nea<\/li>\n<li>Protecci\u00f3n Electr\u00f3nica de sobrecarga<\/li>\n<\/ul>\n<\/td>\n<\/tr>\n<tr>\n<td style=\"width: 410px;\">\u00a0<img loading=\"lazy\" decoding=\"async\" class=\"size-full wp-image-4003 aligncenter\" src=\"http:\/\/tecowestinghouse.com.co\/wp-content\/uploads\/2016\/10\/7200gs.jpg\" alt=\"7200gs\" width=\"170\" height=\"206\" \/><\/td>\n<td style=\"width: 410px;\">7200GS<\/p>\n<ul>\n<li>25 a 400 HP<\/li>\n<li>V\/Hz Control<\/li>\n<li>Control vectorial sin retroalimentaci\u00f3n<\/li>\n<li>Rango de frecuencia: 0-400Hz<\/li>\n<li>150% de sobre corriente por 60seg<\/li>\n<li>200% de sobre corriente instant\u00e1nea<\/li>\n<li>Protecci\u00f3n Electr\u00f3nica de sobrecarga<\/li>\n<\/ul>\n<\/td>\n<\/tr>\n<tr>\n<td style=\"width: 410px;\">\u00a0<img loading=\"lazy\" decoding=\"async\" class=\"size-full wp-image-4004 aligncenter\" src=\"http:\/\/tecowestinghouse.com.co\/wp-content\/uploads\/2016\/10\/a510.jpg\" alt=\"a510\" width=\"142\" height=\"227\" \/><\/td>\n<td style=\"width: 410px;\">A510<\/p>\n<ul>\n<li>1 a 215 HP<\/li>\n<li>V\/Hz Control<\/li>\n<li>Control vectorial sin retroalimentaci\u00f3n<\/li>\n<li>Control vectorial con retroalimentaci\u00f3n<\/li>\n<li>Rango de frecuencia: 0-400Hz<\/li>\n<li>150% de sobre corriente por 60seg<\/li>\n<li>200% de sobre corriente instant\u00e1nea<\/li>\n<li>Protecci\u00f3n Electr\u00f3nica de sobrecarga<\/li>\n<\/ul>\n<\/td>\n<\/tr>\n<tr>\n<td style=\"width: 410px;\">\u00a0<img loading=\"lazy\" decoding=\"async\" class=\"size-full wp-image-4005 aligncenter\" src=\"http:\/\/tecowestinghouse.com.co\/wp-content\/uploads\/2016\/10\/eq7.jpg\" alt=\"eq7\" width=\"165\" height=\"227\" \/><\/td>\n<td style=\"width: 410px;\">EQ7<\/p>\n<ul>\n<li>1\/4 a 1000 HP<\/li>\n<li>V\/Hz Control<\/li>\n<li>Control vectorial sin retroalimentaci\u00f3n<\/li>\n<li>Control vectorial con retroalimentaci\u00f3n<\/li>\n<li>Rango de frecuencia: 0-500Hz<\/li>\n<li>150% de sobre corriente por 60seg<\/li>\n<li>200% de sobre corriente instant\u00e1nea<\/li>\n<li>Protecci\u00f3n Electr\u00f3nica de sobrecarga<\/li>\n<li>Protecci\u00f3n de falla a tierra y corto circuito<\/li>\n<\/ul>\n<\/td>\n<\/tr>\n<\/tbody>\n<\/table>\n<p>&nbsp;<\/p>\n","protected":false},"excerpt":{"rendered":"<p>EV-MICRO DRIVE \u00bc a 3 HP V\/Hz Control Control vectorial sin retroalimentaci\u00f3n Rango de frecuencia: 0-200Hz 150% de sobre corriente por 60seg 200% de sobre corriente instant\u00e1nea Protecci\u00f3n Electr\u00f3nica de sobrecarga \u00a0 N3 \u00bd a 75 HP V\/Hz Control Control vectorial sin retroalimentaci\u00f3n Rango de frecuencia: 0-400Hz 150% de sobre corriente por 60seg 200% de [&hellip;]<\/p>\n","protected":false},"author":1,"featured_media":0,"parent":0,"menu_order":0,"comment_status":"closed","ping_status":"closed","template":"","meta":{"footnotes":""},"class_list":["post-30","page","type-page","status-publish","hentry"],"_links":{"self":[{"href":"https:\/\/tecowestinghouse.com.co\/index.php?rest_route=\/wp\/v2\/pages\/30","targetHints":{"allow":["GET"]}}],"collection":[{"href":"https:\/\/tecowestinghouse.com.co\/index.php?rest_route=\/wp\/v2\/pages"}],"about":[{"href":"https:\/\/tecowestinghouse.com.co\/index.php?rest_route=\/wp\/v2\/types\/page"}],"author":[{"embeddable":true,"href":"https:\/\/tecowestinghouse.com.co\/index.php?rest_route=\/wp\/v2\/users\/1"}],"replies":[{"embeddable":true,"href":"https:\/\/tecowestinghouse.com.co\/index.php?rest_route=%2Fwp%2Fv2%2Fcomments&post=30"}],"version-history":[{"count":9,"href":"https:\/\/tecowestinghouse.com.co\/index.php?rest_route=\/wp\/v2\/pages\/30\/revisions"}],"predecessor-version":[{"id":4048,"href":"https:\/\/tecowestinghouse.com.co\/index.php?rest_route=\/wp\/v2\/pages\/30\/revisions\/4048"}],"wp:attachment":[{"href":"https:\/\/tecowestinghouse.com.co\/index.php?rest_route=%2Fwp%2Fv2%2Fmedia&parent=30"}],"curies":[{"name":"wp","href":"https:\/\/api.w.org\/{rel}","templated":true}]}}