{"id":32,"date":"2016-10-14T05:19:35","date_gmt":"2016-10-14T05:19:35","guid":{"rendered":"http:\/\/tecowestinghouse.com.co\/?page_id=32"},"modified":"2016-11-23T22:44:36","modified_gmt":"2016-11-23T22:44:36","slug":"ss","status":"publish","type":"page","link":"https:\/\/tecowestinghouse.com.co\/?page_id=32","title":{"rendered":"ARRANCADOR SUAVE (SS)"},"content":{"rendered":"<p><img fetchpriority=\"high\" decoding=\"async\" class=\"wp-image-4011 aligncenter\" src=\"http:\/\/tecowestinghouse.com.co\/wp-content\/uploads\/2016\/10\/soft_starter.jpg\" alt=\"soft_starter\" width=\"306\" height=\"288\" \/><\/p>\n<ul>\n<li>Arrancador suaves de media tensi\u00f3n<\/li>\n<li>150-20,000Hp<\/li>\n<li>Capacidad de programaci\u00f3n.<\/li>\n<li>Control de corriente durante el arranque.<\/li>\n<li>Protecci\u00f3n de maquina contra fallos en el arranque<\/li>\n<li>Supervisi\u00f3n completa de la l\u00ednea, control del motor y protecci\u00f3n.<\/li>\n<li>Certificado UL y aprobaci\u00f3n CSA<\/li>\n<\/ul>\n<p>&nbsp;<\/p>\n","protected":false},"excerpt":{"rendered":"<p>Arrancador suaves de media tensi\u00f3n 150-20,000Hp Capacidad de programaci\u00f3n. Control de corriente durante el arranque. Protecci\u00f3n de maquina contra fallos en el arranque Supervisi\u00f3n completa de la l\u00ednea, control del motor y protecci\u00f3n. Certificado UL y aprobaci\u00f3n CSA &nbsp;<\/p>\n","protected":false},"author":1,"featured_media":0,"parent":0,"menu_order":0,"comment_status":"closed","ping_status":"closed","template":"","meta":{"footnotes":""},"class_list":["post-32","page","type-page","status-publish","hentry"],"_links":{"self":[{"href":"https:\/\/tecowestinghouse.com.co\/index.php?rest_route=\/wp\/v2\/pages\/32","targetHints":{"allow":["GET"]}}],"collection":[{"href":"https:\/\/tecowestinghouse.com.co\/index.php?rest_route=\/wp\/v2\/pages"}],"about":[{"href":"https:\/\/tecowestinghouse.com.co\/index.php?rest_route=\/wp\/v2\/types\/page"}],"author":[{"embeddable":true,"href":"https:\/\/tecowestinghouse.com.co\/index.php?rest_route=\/wp\/v2\/users\/1"}],"replies":[{"embeddable":true,"href":"https:\/\/tecowestinghouse.com.co\/index.php?rest_route=%2Fwp%2Fv2%2Fcomments&post=32"}],"version-history":[{"count":6,"href":"https:\/\/tecowestinghouse.com.co\/index.php?rest_route=\/wp\/v2\/pages\/32\/revisions"}],"predecessor-version":[{"id":4049,"href":"https:\/\/tecowestinghouse.com.co\/index.php?rest_route=\/wp\/v2\/pages\/32\/revisions\/4049"}],"wp:attachment":[{"href":"https:\/\/tecowestinghouse.com.co\/index.php?rest_route=%2Fwp%2Fv2%2Fmedia&parent=32"}],"curies":[{"name":"wp","href":"https:\/\/api.w.org\/{rel}","templated":true}]}}