{"id":34,"date":"2016-10-14T05:20:07","date_gmt":"2016-10-14T05:20:07","guid":{"rendered":"http:\/\/tecowestinghouse.com.co\/?page_id=34"},"modified":"2016-11-23T23:00:46","modified_gmt":"2016-11-23T23:00:46","slug":"drives-2","status":"publish","type":"page","link":"https:\/\/tecowestinghouse.com.co\/?page_id=34","title":{"rendered":"Drives"},"content":{"rendered":"<p><a href=\"http:\/\/tecowestinghouse.com.co\/wp-content\/uploads\/2016\/10\/spanish_servicio_drives.bmp\"><img fetchpriority=\"high\" decoding=\"async\" class=\"size-full wp-image-4009 aligncenter\" src=\"http:\/\/tecowestinghouse.com.co\/wp-content\/uploads\/2016\/10\/spanish_servicio_drives.bmp\" alt=\"spanish_servicio_drives\" width=\"612\" height=\"792\" \/><\/a><\/p>\n<p>SERVICIO PARA DRIVERS<\/p>\n<p>Suministro, montaje y puesta en marcha de variadores de frecuencia as\u00ed como reparaci\u00f3n y servicio en campo.<\/p>\n<p>Amplio espectro de medici\u00f3n en:<\/p>\n<ul>\n<li>Control de ruido en el circuito.<\/li>\n<li>Relaci\u00f3n de V\/Hz<\/li>\n<li>Sobrevoltaje y reflejo de onda<\/li>\n<li>Desequilibrio de tensi\u00f3n<\/li>\n<li>Arm\u00f3nicos<\/li>\n<li>Desequilibrio entre fase y fase de motores el\u00e9ctricos.<\/li>\n<li>Corrientes en rodamientos.<\/li>\n<li>Fugas de corriente<\/li>\n<li>Ca\u00eddas de tensi\u00f3n<\/li>\n<li>Sobrecarga<\/li>\n<\/ul>\n<p>&nbsp;<\/p>\n","protected":false},"excerpt":{"rendered":"<p>SERVICIO PARA DRIVERS Suministro, montaje y puesta en marcha de variadores de frecuencia as\u00ed como reparaci\u00f3n y servicio en campo. Amplio espectro de medici\u00f3n en: Control de ruido en el circuito. Relaci\u00f3n de V\/Hz Sobrevoltaje y reflejo de onda Desequilibrio de tensi\u00f3n Arm\u00f3nicos Desequilibrio entre fase y fase de motores el\u00e9ctricos. Corrientes en rodamientos. Fugas [&hellip;]<\/p>\n","protected":false},"author":1,"featured_media":0,"parent":0,"menu_order":0,"comment_status":"closed","ping_status":"closed","template":"","meta":{"footnotes":""},"class_list":["post-34","page","type-page","status-publish","hentry"],"_links":{"self":[{"href":"https:\/\/tecowestinghouse.com.co\/index.php?rest_route=\/wp\/v2\/pages\/34","targetHints":{"allow":["GET"]}}],"collection":[{"href":"https:\/\/tecowestinghouse.com.co\/index.php?rest_route=\/wp\/v2\/pages"}],"about":[{"href":"https:\/\/tecowestinghouse.com.co\/index.php?rest_route=\/wp\/v2\/types\/page"}],"author":[{"embeddable":true,"href":"https:\/\/tecowestinghouse.com.co\/index.php?rest_route=\/wp\/v2\/users\/1"}],"replies":[{"embeddable":true,"href":"https:\/\/tecowestinghouse.com.co\/index.php?rest_route=%2Fwp%2Fv2%2Fcomments&post=34"}],"version-history":[{"count":6,"href":"https:\/\/tecowestinghouse.com.co\/index.php?rest_route=\/wp\/v2\/pages\/34\/revisions"}],"predecessor-version":[{"id":4054,"href":"https:\/\/tecowestinghouse.com.co\/index.php?rest_route=\/wp\/v2\/pages\/34\/revisions\/4054"}],"wp:attachment":[{"href":"https:\/\/tecowestinghouse.com.co\/index.php?rest_route=%2Fwp%2Fv2%2Fmedia&parent=34"}],"curies":[{"name":"wp","href":"https:\/\/api.w.org\/{rel}","templated":true}]}}