{"id":3925,"date":"2016-11-09T20:50:30","date_gmt":"2016-11-09T20:50:30","guid":{"rendered":"http:\/\/tecowestinghouse.com.co\/?page_id=3925"},"modified":"2016-11-24T16:10:45","modified_gmt":"2016-11-24T16:10:45","slug":"motores-2","status":"publish","type":"page","link":"https:\/\/tecowestinghouse.com.co\/?page_id=3925","title":{"rendered":"Servicios para Motores BT- MT"},"content":{"rendered":"<p><a href=\"http:\/\/tecowestinghouse.com.co\/wp-content\/uploads\/2016\/11\/Servicios.bmp\"><img fetchpriority=\"high\" decoding=\"async\" class=\"wp-image-4007 aligncenter\" src=\"http:\/\/tecowestinghouse.com.co\/wp-content\/uploads\/2016\/11\/Servicios.bmp\" alt=\"servicios\" width=\"502\" height=\"568\" \/><\/a><\/p>\n<p>SERVICIO PARA MOTORES<\/p>\n<p>Cuando un motor se da\u00f1a en sus instalaciones y detiene un proceso cr\u00edtico, es posible que de inmediato necesite ayuda de un experto. Es por eso que TECO-Westinghouse Motor Company S.A de C.V. Divisi\u00f3n Servicio le ofrece el paquete de servicio m\u00e1s completo para motores grandes.<\/p>\n<p>Nos especializamos en la reparaci\u00f3n de motores grandes. Y nuestros expertos en reparaci\u00f3n pueden visitar su sitio y ayudarle con la inspecci\u00f3n en campo, soluci\u00f3n de problemas y reparaciones menores.<\/p>\n<p>&nbsp;<\/p>\n<p>SERVICIO A MOTORES GRANDES<\/p>\n<ul>\n<li>Reconstrucci\u00f3n y reparaci\u00f3n para todas las marcas.<\/li>\n<li>Estudios y evaluaciones de ingenier\u00eda<\/li>\n<li>Asistencia t\u00e9cnica y servicio experto en campo.<\/li>\n<li>Redise\u00f1o y actualizaci\u00f3n de motores Westinghouse y Teco.<\/li>\n<li>Reparaciones con materiales originales de f\u00e1brica y procesos para alargar la vida del motor.<\/li>\n<li><span style=\"color: #008000;\"><strong>Estudios de ahorro energetico.<\/strong><\/span><\/li>\n<\/ul>\n<p>Despu\u00e9s de una reparaci\u00f3n o actualizaci\u00f3n a su motor, podemos ofrecerle un paquete completo de pruebas din\u00e1micas.<\/p>\n","protected":false},"excerpt":{"rendered":"<p>SERVICIO PARA MOTORES Cuando un motor se da\u00f1a en sus instalaciones y detiene un proceso cr\u00edtico, es posible que de inmediato necesite ayuda de un experto. Es por eso que TECO-Westinghouse Motor Company S.A de C.V. Divisi\u00f3n Servicio le ofrece el paquete de servicio m\u00e1s completo para motores grandes. Nos especializamos en la reparaci\u00f3n de [&hellip;]<\/p>\n","protected":false},"author":1,"featured_media":0,"parent":0,"menu_order":0,"comment_status":"closed","ping_status":"closed","template":"","meta":{"footnotes":""},"class_list":["post-3925","page","type-page","status-publish","hentry"],"_links":{"self":[{"href":"https:\/\/tecowestinghouse.com.co\/index.php?rest_route=\/wp\/v2\/pages\/3925","targetHints":{"allow":["GET"]}}],"collection":[{"href":"https:\/\/tecowestinghouse.com.co\/index.php?rest_route=\/wp\/v2\/pages"}],"about":[{"href":"https:\/\/tecowestinghouse.com.co\/index.php?rest_route=\/wp\/v2\/types\/page"}],"author":[{"embeddable":true,"href":"https:\/\/tecowestinghouse.com.co\/index.php?rest_route=\/wp\/v2\/users\/1"}],"replies":[{"embeddable":true,"href":"https:\/\/tecowestinghouse.com.co\/index.php?rest_route=%2Fwp%2Fv2%2Fcomments&post=3925"}],"version-history":[{"count":9,"href":"https:\/\/tecowestinghouse.com.co\/index.php?rest_route=\/wp\/v2\/pages\/3925\/revisions"}],"predecessor-version":[{"id":4064,"href":"https:\/\/tecowestinghouse.com.co\/index.php?rest_route=\/wp\/v2\/pages\/3925\/revisions\/4064"}],"wp:attachment":[{"href":"https:\/\/tecowestinghouse.com.co\/index.php?rest_route=%2Fwp%2Fv2%2Fmedia&parent=3925"}],"curies":[{"name":"wp","href":"https:\/\/api.w.org\/{rel}","templated":true}]}}